{"id":8383,"date":"2026-04-20T10:20:24","date_gmt":"2026-04-20T03:20:24","guid":{"rendered":"https:\/\/phubaispinning.com\/phat-trien-ben-vung"},"modified":"2026-04-20T11:02:46","modified_gmt":"2026-04-20T04:02:46","slug":"phat-trien-ben-vung","status":"publish","type":"page","link":"https:\/\/phubaispinning.com\/en\/phat-trien-ben-vung","title":{"rendered":"ESG REPORT"},"content":{"rendered":"  <div id=\"page-header-801744478\" class=\"page-header-wrapper\">\n  <div class=\"page-title dark featured-title\">\n\n        <div class=\"page-title-bg\">\n      <div class=\"title-bg fill bg-fill\"\n        data-parallax-container=\".page-title\"\n        data-parallax-background\n        data-parallax=\"-\">\n      <\/div>\n      <div class=\"title-overlay fill\"><\/div>\n    <\/div>\n    \n    <div class=\"page-title-inner container align-center flex-row medium-flex-wrap\" >\n              <div class=\"title-wrapper flex-col text-left medium-text-center\">\n\t\t\t\t\t\t         <h1 class=\"entry-title mb-0\">\n            ESG REPORT          <\/h1>\n\t\t\t        <\/div>\n                    <div class=\"title-content flex-col flex-right text-right medium-text-center\">\n        <div class=\"title-breadcrumbs pb-half pt-half\"><nav class=\"woocommerce-breadcrumb breadcrumbs uppercase\">Home<\/nav><\/div>      <\/div>\n    <\/div>\n\n     \n<style>\n#page-header-801744478 .page-title-inner {\n  min-height: 400px;\n}\n#page-header-801744478 .title-bg {\n  background-image: url(https:\/\/phubaispinning.com\/wp-content\/uploads\/2026\/04\/esg_banner.jpg);\n}\n<\/style>\n  <\/div>\n    <\/div>\n  \n\t<section class=\"section\" id=\"section_686881524\">\n\t\t<div class=\"bg section-bg fill bg-fill  bg-loaded\" >\n\n\t\t\t\n\t\t\t\n\t\t\t\n\n\t\t<\/div>\n\n\t\t\n\n\t\t<div class=\"section-content relative\">\n\t\t\t\n<div class=\"row align-equal row-solid\"  id=\"row-1812272720\">\n\n\t<div id=\"col-1798948647\" class=\"col small-12 large-12\"  >\n\t\t\t\t<div class=\"col-inner\"  >\n\t\t\t\n\t\t\t\n\n\t\t<div class=\"tabbed-content\">\n\t\t\t<h4 class=\"uppercase text-left\">B\u00c1O C\u00c1O PH\u00c1T TRI\u1ec2N B\u1ec0N V\u1eeeNG ESG<\/h4>\n\t\t\t<ul class=\"nav nav-pills nav-vertical nav-normal nav-size-normal nav-left\" role=\"tablist\"><li id=\"tab-n\u0103m-2025\" class=\"tab active has-icon\" role=\"presentation\"><a href=\"#tab_n\u0103m-2025\" role=\"tab\" aria-selected=\"true\" aria-controls=\"tab_n\u0103m-2025\"><span>N\u0103m 2025<\/span><\/a><\/li>\n<li id=\"tab-n\u0103m-2024\" class=\"tab has-icon\" role=\"presentation\"><a href=\"#tab_n\u0103m-2024\" tabindex=\"-1\" role=\"tab\" aria-selected=\"false\" aria-controls=\"tab_n\u0103m-2024\"><span>N\u0103m 2024<\/span><\/a><\/li><\/ul><div class=\"tab-panels\"><div id=\"tab_n\u0103m-2025\" class=\"panel active entry-content\" role=\"tabpanel\" aria-labelledby=\"tab-n\u0103m-2025\">\n\t<div class=\"ux-menu stack stack-col justify-start ux-menu--divider-solid\">\n\t\t\n\t<div class=\"ux-menu-link flex menu-item\">\n\t\t<a class=\"ux-menu-link__link flex\" href=\"https:\/\/drive.google.com\/file\/d\/1ZX--KAnV5N4WxJ5trr9quvWhtFPLTBXS\/view?usp=sharing\" target=\"_blank\" rel=\"noopener\">\n\t\t\t<i class=\"ux-menu-link__icon text-center icon-angle-right\" ><\/i>\t\t\t<span class=\"ux-menu-link__text\">\n\t\t\t\tSustainable Development Report 2025\t\t\t<\/span>\n\t\t<\/a>\n\t<\/div>\n\t\n\t<\/div>\n\t\n<\/div>\n<div id=\"tab_n\u0103m-2024\" class=\"panel entry-content\" role=\"tabpanel\" aria-labelledby=\"tab-n\u0103m-2024\">\n\t<div class=\"ux-menu stack stack-col justify-start ux-menu--divider-solid\">\n\t\t\n\t<div class=\"ux-menu-link flex menu-item\">\n\t\t<a class=\"ux-menu-link__link flex\" href=\"https:\/\/drive.google.com\/file\/d\/19oEUvUW6PJpnE12myo5hL3mc46US5XFa\/view?usp=sharing\" target=\"_blank\" rel=\"noopener\">\n\t\t\t<i class=\"ux-menu-link__icon text-center icon-angle-right\" ><\/i>\t\t\t<span class=\"ux-menu-link__text\">\n\t\t\t\tSustainable Development Report 2024\t\t\t<\/span>\n\t\t<\/a>\n\t<\/div>\n\t\n\t<\/div>\n\t\n<\/div><\/div><\/div>\n\t\t<\/div>\n\t\t\t\t\t<\/div>\n\n\t\n<\/div>\n\t\t<\/div>\n\n\t\t\n<style>\n#section_686881524 {\n  padding-top: 30px;\n  padding-bottom: 30px;\n}\n<\/style>\n\t<\/section>\n\t\n","protected":false},"excerpt":{"rendered":"","protected":false},"author":1,"featured_media":0,"parent":0,"menu_order":0,"comment_status":"closed","ping_status":"closed","template":"page-blank.php","meta":{"footnotes":""},"class_list":["post-8383","page","type-page","status-publish","hentry"],"_links":{"self":[{"href":"https:\/\/phubaispinning.com\/en\/wp-json\/wp\/v2\/pages\/8383","targetHints":{"allow":["GET"]}}],"collection":[{"href":"https:\/\/phubaispinning.com\/en\/wp-json\/wp\/v2\/pages"}],"about":[{"href":"https:\/\/phubaispinning.com\/en\/wp-json\/wp\/v2\/types\/page"}],"author":[{"embeddable":true,"href":"https:\/\/phubaispinning.com\/en\/wp-json\/wp\/v2\/users\/1"}],"replies":[{"embeddable":true,"href":"https:\/\/phubaispinning.com\/en\/wp-json\/wp\/v2\/comments?post=8383"}],"version-history":[{"count":6,"href":"https:\/\/phubaispinning.com\/en\/wp-json\/wp\/v2\/pages\/8383\/revisions"}],"predecessor-version":[{"id":8390,"href":"https:\/\/phubaispinning.com\/en\/wp-json\/wp\/v2\/pages\/8383\/revisions\/8390"}],"wp:attachment":[{"href":"https:\/\/phubaispinning.com\/en\/wp-json\/wp\/v2\/media?parent=8383"}],"curies":[{"name":"wp","href":"https:\/\/api.w.org\/{rel}","templated":true}]}}