{"id":7634,"date":"2020-09-23T17:01:13","date_gmt":"2020-09-23T10:01:13","guid":{"rendered":"https:\/\/phubaispinning.com\/gioi-thieu"},"modified":"2025-11-11T15:57:05","modified_gmt":"2025-11-11T08:57:05","slug":"about-us","status":"publish","type":"page","link":"https:\/\/phubaispinning.com\/en\/about-us","title":{"rendered":"About Us"},"content":{"rendered":"  <div id=\"page-header-383413355\" class=\"page-header-wrapper\">\n  <div class=\"page-title dark featured-title\">\n\n        <div class=\"page-title-bg\">\n      <div class=\"title-bg fill bg-fill\"\n        data-parallax-container=\".page-title\"\n        data-parallax-background\n        data-parallax=\"-\">\n      <\/div>\n      <div class=\"title-overlay fill\"><\/div>\n    <\/div>\n    \n    <div class=\"page-title-inner container align-center flex-row medium-flex-wrap\" >\n              <div class=\"title-wrapper flex-col text-left medium-text-center\">\n\t\t\t\t\t\t         <h1 class=\"entry-title mb-0\">\n            About Us          <\/h1>\n\t\t\t        <\/div>\n                    <div class=\"title-content flex-col flex-right text-right medium-text-center\">\n        <div class=\"title-breadcrumbs pb-half pt-half\"><nav class=\"woocommerce-breadcrumb breadcrumbs uppercase\">Home<\/nav><\/div>      <\/div>\n    <\/div>\n\n     \n<style>\n#page-header-383413355 .page-title-inner {\n  min-height: 400px;\n}\n#page-header-383413355 .title-bg {\n  background-image: url(https:\/\/phubaispinning.com\/wp-content\/uploads\/2025\/11\/trang_gioi_thieu.jpg);\n}\n<\/style>\n  <\/div>\n    <\/div>\n  \n\t<section class=\"section\" id=\"section_1989617229\">\n\t\t<div class=\"bg section-bg fill bg-fill  bg-loaded\" >\n\n\t\t\t\n\t\t\t\n\t\t\t\n\n\t\t<\/div>\n\n\t\t\n\n\t\t<div class=\"section-content relative\">\n\t\t\t\n<div class=\"row\"  id=\"row-1310626893\">\n\n\t<div id=\"col-768875950\" class=\"col small-12 large-12\"  >\n\t\t\t\t<div class=\"col-inner\"  >\n\t\t\t\n\t\t\t\n<div class=\"container section-title-container\" ><h2 class=\"section-title section-title-normal\"><b><\/b><span class=\"section-title-main\" >About Us<\/span><b><\/b><\/h2><\/div>\n<div class=\"row\"  id=\"row-1461608081\">\n\n\t<div id=\"col-1306639255\" class=\"col medium-8 small-12 large-8\"  >\n\t\t\t\t<div class=\"col-inner\"  >\n\t\t\t\n\t\t\t\n<p style=\"text-align: justify;\" data-start=\"0\" data-end=\"249\"><strong>Phu Bai Spinning Mill Joint Stock Company<\/strong> was established on March 1, 2003 a member unit of Vietnam National Textile and Garment Group. The company specializes in manufacturing all kinds of yarns for domestic and export markets and trading in spinning materials and equipment. Our company annually produces around 17,000 tons of ring-spun yarns suitable for weaving and knitting. With an initial capacity of 50,160 spindles, our capacity now expanded up to 82,800 spindles spread over 2 separate operational units. They are blended yarn &amp; cotton yarn factories. We are continually seeking to expand our business and to gain more market share by having great customer service and consistent quality. We are also dedicated to putting the interests of our customers and partners first.<\/p>\n<h3><strong>COMPANY PROFILE <\/strong><\/h3>\n<p><strong>&#8211; Year of Establishment:<\/strong> 2003 Business field: Manufacturing &amp; exporting various kind of ring spun yarn.<\/p>\n<p><strong>&#8211; Total capacity:<\/strong> 82,800 (with 2 separate operational units)<\/p>\n<p><strong> &#8211; Employees:<\/strong> 800 peoples<\/p>\n<p><strong>&#8211; Main products:<\/strong> Wide range of ring spun yarns<\/p>\n<p>+ Blended yarns (TC, CVC, Cotton\/Modal combed &amp; carded)<\/p>\n<p>+ 100% Cotton yarns (combed &amp; carded)<\/p>\n<p>+ Recycled yarns, BCI yarns &#8230;<\/p>\n\t\t<\/div>\n\t\t\t\t\t<\/div>\n\n\t\n\n\t<div id=\"col-1336423515\" class=\"col medium-4 small-12 large-4\"  >\n\t\t\t\t<div class=\"col-inner\"  >\n\t\t\t\n\t\t\t\n\t<div class=\"img has-hover x md-x lg-x y md-y lg-y\" id=\"image_1473712275\">\n\t\t\t\t\t\t\t\t<div class=\"img-inner dark\" >\n\t\t\t<img loading=\"lazy\" decoding=\"async\" width=\"856\" height=\"1349\" src=\"https:\/\/phubaispinning.com\/wp-content\/uploads\/2025\/09\/about-1.jpg\" class=\"attachment-original size-original\" alt=\"\" srcset=\"https:\/\/phubaispinning.com\/wp-content\/uploads\/2025\/09\/about-1.jpg 856w, https:\/\/phubaispinning.com\/wp-content\/uploads\/2025\/09\/about-1-768x1210.jpg 768w, https:\/\/phubaispinning.com\/wp-content\/uploads\/2025\/09\/about-1-600x946.jpg 600w\" sizes=\"auto, (max-width: 856px) 100vw, 856px\" \/>\t\t\t\t\t\t\n\t\t\t\t\t<\/div>\n\t\t\t\t\t\t\t\t\n<style>\n#image_1473712275 {\n  width: 100%;\n}\n<\/style>\n\t<\/div>\n\t\n\t\t<\/div>\n\t\t\t\t\t<\/div>\n\n\t\n<\/div>\n<div class=\"row\"  id=\"row-1022312747\">\n\n\t<div id=\"col-80418013\" class=\"col medium-6 small-12 large-6\"  >\n\t\t\t\t<div class=\"col-inner\"  >\n\t\t\t\n\t\t\t\n\t<div class=\"img has-hover x md-x lg-x y md-y lg-y\" id=\"image_1407231102\">\n\t\t\t\t\t\t\t\t<div class=\"img-inner dark\" >\n\t\t\t<img loading=\"lazy\" decoding=\"async\" width=\"1500\" height=\"1275\" src=\"https:\/\/phubaispinning.com\/wp-content\/uploads\/2025\/09\/about2.jpg\" class=\"attachment-original size-original\" alt=\"\" srcset=\"https:\/\/phubaispinning.com\/wp-content\/uploads\/2025\/09\/about2.jpg 1500w, https:\/\/phubaispinning.com\/wp-content\/uploads\/2025\/09\/about2-768x653.jpg 768w, https:\/\/phubaispinning.com\/wp-content\/uploads\/2025\/09\/about2-600x510.jpg 600w\" sizes=\"auto, (max-width: 1500px) 100vw, 1500px\" \/>\t\t\t\t\t\t\n\t\t\t\t\t<\/div>\n\t\t\t\t\t\t\t\t\n<style>\n#image_1407231102 {\n  width: 100%;\n}\n<\/style>\n\t<\/div>\n\t\n\t\t<\/div>\n\t\t\t\t\t<\/div>\n\n\t\n\n\t<div id=\"col-1689465974\" class=\"col medium-6 small-12 large-6\"  >\n\t\t\t\t<div class=\"col-inner\"  >\n\t\t\t\n\t\t\t\n<h3><strong>QUALITY COMMITMENT <\/strong><\/h3>\n<p style=\"text-align: justify;\">Over the years, our product and the Company&#8217;s brand have been highly appreciated by domestic and foreign customers, affirming the level of <strong>Phu Bai Yarn<\/strong> brand in the market. Quality of final product is determined with strict management system. Semi-products &amp; final products quality are checked at every stage of manufacturing starting from Raw Materials. In order to meet customer&#8217;s satisfaction &amp; keep our improvement, our company has established laboratory facilities at each unit, equipped with ultra-modern testing instruments.<\/p>\n\t\t<\/div>\n\t\t\t\t\t<\/div>\n\n\t\n<\/div>\n\t\t<\/div>\n\t\t\t\t\t<\/div>\n\n\t\n<\/div>\n<div class=\"slider-wrapper relative\" id=\"slider-1938893929\" >\n    <div class=\"slider slider-nav-simple slider-nav-large slider-nav-dark slider-nav-outside slider-style-normal\"\n        data-flickity-options='{\n            \"cellAlign\": \"center\",\n            \"imagesLoaded\": true,\n            \"lazyLoad\": 1,\n            \"freeScroll\": false,\n            \"wrapAround\": true,\n            \"autoPlay\": 6000,\n            \"pauseAutoPlayOnHover\" : true,\n            \"prevNextButtons\": true,\n            \"contain\" : true,\n            \"adaptiveHeight\" : true,\n            \"dragThreshold\" : 10,\n            \"percentPosition\": true,\n            \"pageDots\": true,\n            \"rightToLeft\": false,\n            \"draggable\": true,\n            \"selectedAttraction\": 0.1,\n            \"parallax\" : 0,\n            \"friction\": 0.6        }'\n        >\n        \n<div class=\"row align-center\"  id=\"row-102579046\">\n\n\t<div id=\"col-1266294314\" class=\"col medium-8 small-12 large-6\"  >\n\t\t\t\t<div class=\"col-inner\"  >\n\t\t\t\n\t<div class=\"is-border\"\n\t\tstyle=\"border-width:1px 1px 1px 1px;\">\n\t<\/div>\n\t\t\t\n  <div class=\"icon-box testimonial-box icon-box-center text-center\">\n                <div class=\"icon-box-img testimonial-image circle\" style=\"width: 90px\">\n                      <\/div>\n                <div class=\"icon-box-text p-last-0\">\n            \t\t\t\t<div class=\"testimonial-text line-height-small italic test_text first-reset last-reset is-italic\">\n            \n<p>L\u1ef1a ch\u1ecdn s\u1ee3i c\u1ee7a C\u00f4ng ty S\u1ee3i Ph\u00fa B\u00e0i, ch\u00fang t\u00f4i lu\u00f4n h\u00e0i l\u00f2ng v\u1ec1 ch\u1ea5t l\u01b0\u1ee3ng v\u00e0 ti\u1ebfn \u0111\u1ed9 giao h\u00e0ng. S\u1ea3n ph\u1ea9m \u0111\u00e1p \u1ee9ng ti\u00eau chu\u1ea9n cao c\u1ee7a ng\u00e0nh d\u1ec7t may.<\/p>\n          <\/div>\n          <div class=\"testimonial-meta pt-half\">\n             <strong class=\"testimonial-name test_name\">Anh \u0110\u1ee9c Huy<\/strong>\n                          <span class=\"testimonial-company test_company\"><\/span>\n          <\/div>\n        <\/div>\n  <\/div>\n\n  \n\t<div id=\"text-273027972\" class=\"text\">\n\t\t\n<p>\u0110\u1ea1i l\u00fd d\u1ec7t may, Hu\u1ebf<br \/>\n\t\t\n<style>\n#text-273027972 {\n  text-align: center;\n}\n<\/style>\n\t<\/div>\n\t\n\t\t<\/div>\n\t\t\t\t\n<style>\n#col-1266294314 > .col-inner {\n  padding: 30px 30px 20px 30px;\n}\n<\/style>\n\t<\/div>\n\n\t\n<\/div>\n<div class=\"row align-center\"  id=\"row-1646108833\">\n\n\t<div id=\"col-1778987121\" class=\"col medium-10 small-12 large-6\"  >\n\t\t\t\t<div class=\"col-inner\"  >\n\t\t\t\n\t<div class=\"is-border\"\n\t\tstyle=\"border-width:1px 1px 1px 1px;\">\n\t<\/div>\n\t\t\t\n  <div class=\"icon-box testimonial-box icon-box-center text-center\">\n                <div class=\"icon-box-img testimonial-image circle\" style=\"width: 90px\">\n                      <\/div>\n                <div class=\"icon-box-text p-last-0\">\n            \t\t\t\t<div class=\"testimonial-text line-height-small italic test_text first-reset last-reset is-italic\">\n            \n<p>Thi\u1ebft b\u1ecb v\u00e0 nguy\u00ean v\u1eadt li\u1ec7u do S\u1ee3i Ph\u00fa B\u00e0i cung c\u1ea5p r\u1ea5t \u1ed5n \u0111\u1ecbnh, h\u1ed7 tr\u1ee3 s\u1ea3n xu\u1ea5t hi\u1ec7u qu\u1ea3. D\u1ecbch v\u1ee5 t\u01b0 v\u1ea5n nhi\u1ec7t t\u00ecnh v\u00e0 chuy\u00ean nghi\u1ec7p.<\/p>\n          <\/div>\n          <div class=\"testimonial-meta pt-half\">\n             <strong class=\"testimonial-name test_name\">Anh Ho\u00e0ng Gia<\/strong>\n                          <span class=\"testimonial-company test_company\"><\/span>\n          <\/div>\n        <\/div>\n  <\/div>\n\n  \n\t<div id=\"text-2022422882\" class=\"text\">\n\t\t\n<p>Qu\u1ea3n l\u00fd s\u1ea3n xu\u1ea5t, Hu\u1ebf<br \/>\n\t\t\n<style>\n#text-2022422882 {\n  text-align: center;\n}\n<\/style>\n\t<\/div>\n\t\n\t\t<\/div>\n\t\t\t\t\n<style>\n#col-1778987121 > .col-inner {\n  padding: 30px 30px 20px 30px;\n}\n<\/style>\n\t<\/div>\n\n\t\n<\/div>\n<div class=\"row align-center\"  id=\"row-162961703\">\n\n\t<div id=\"col-353806811\" class=\"col medium-10 small-12 large-6\"  >\n\t\t\t\t<div class=\"col-inner\"  >\n\t\t\t\n\t<div class=\"is-border\"\n\t\tstyle=\"border-width:1px 1px 1px 1px;\">\n\t<\/div>\n\t\t\t\n  <div class=\"icon-box testimonial-box icon-box-center text-center\">\n                <div class=\"icon-box-img testimonial-image circle\" style=\"width: 90px\">\n                      <\/div>\n                <div class=\"icon-box-text p-last-0\">\n            \t\t\t\t<div class=\"testimonial-text line-height-small italic test_text first-reset last-reset is-italic\">\n            \n<p>Ph\u00fa B\u00e0i l\u00e0 \u0111\u01a1n v\u1ecb cung c\u1ea5p s\u1ee3i uy t\u00edn, gi\u00e1 c\u1ea1nh tranh, lu\u00f4n h\u1ed7 tr\u1ee3 k\u1ef9 thu\u1eadt k\u1ecbp th\u1eddi. Ch\u00fang t\u00f4i tin t\u01b0\u1edfng h\u1ee3p t\u00e1c l\u00e2u d\u00e0i.<\/p>\n          <\/div>\n          <div class=\"testimonial-meta pt-half\">\n             <strong class=\"testimonial-name test_name\">Anh Tu\u1ea5n T\u00fa<\/strong>\n                          <span class=\"testimonial-company test_company\"><\/span>\n          <\/div>\n        <\/div>\n  <\/div>\n\n  \n\t<div id=\"text-1508923372\" class=\"text\">\n\t\t\n<p>\u0110\u1ed1i t\u00e1c xu\u1ea5t kh\u1ea9u, Hu\u1ebf<br \/>\n\t\t\n<style>\n#text-1508923372 {\n  text-align: center;\n}\n<\/style>\n\t<\/div>\n\t\n\t\t<\/div>\n\t\t\t\t\n<style>\n#col-353806811 > .col-inner {\n  padding: 30px 30px 20px 30px;\n}\n<\/style>\n\t<\/div>\n\n\t\n<\/div>\n     <\/div>\n\n     <div class=\"loading-spin dark large centered\"><\/div>\n\n\t<\/div>\n\n\n\t\t<\/div>\n\n\t\t\n<style>\n#section_1989617229 {\n  padding-top: 30px;\n  padding-bottom: 30px;\n}\n<\/style>\n\t<\/section>\n\t\n","protected":false},"excerpt":{"rendered":"","protected":false},"author":1,"featured_media":0,"parent":0,"menu_order":0,"comment_status":"closed","ping_status":"closed","template":"page-blank.php","meta":{"footnotes":""},"class_list":["post-7634","page","type-page","status-publish","hentry"],"_links":{"self":[{"href":"https:\/\/phubaispinning.com\/en\/wp-json\/wp\/v2\/pages\/7634","targetHints":{"allow":["GET"]}}],"collection":[{"href":"https:\/\/phubaispinning.com\/en\/wp-json\/wp\/v2\/pages"}],"about":[{"href":"https:\/\/phubaispinning.com\/en\/wp-json\/wp\/v2\/types\/page"}],"author":[{"embeddable":true,"href":"https:\/\/phubaispinning.com\/en\/wp-json\/wp\/v2\/users\/1"}],"replies":[{"embeddable":true,"href":"https:\/\/phubaispinning.com\/en\/wp-json\/wp\/v2\/comments?post=7634"}],"version-history":[{"count":5,"href":"https:\/\/phubaispinning.com\/en\/wp-json\/wp\/v2\/pages\/7634\/revisions"}],"predecessor-version":[{"id":8054,"href":"https:\/\/phubaispinning.com\/en\/wp-json\/wp\/v2\/pages\/7634\/revisions\/8054"}],"wp:attachment":[{"href":"https:\/\/phubaispinning.com\/en\/wp-json\/wp\/v2\/media?parent=7634"}],"curies":[{"name":"wp","href":"https:\/\/api.w.org\/{rel}","templated":true}]}}