{"id":7626,"date":"2021-01-28T14:51:30","date_gmt":"2021-01-28T07:51:30","guid":{"rendered":"https:\/\/phubaispinning.com\/huong-dan-mua-hang"},"modified":"2025-09-26T10:55:28","modified_gmt":"2025-09-26T03:55:28","slug":"huong-dan-mua-hang","status":"publish","type":"page","link":"https:\/\/phubaispinning.com\/en\/huong-dan-mua-hang","title":{"rendered":"H\u01b0\u1edbng d\u1eabn mua h\u00e0ng"},"content":{"rendered":"<p style=\"text-align: justify;\"><strong>I. H\u01af\u1edaNG D\u1eaaN \u0110\u1eb6T H\u00c0NG<\/strong><\/p>\n<p style=\"text-align: justify;\">Qu\u00fd kh\u00e1ch c\u00f3 th\u1ec3 thao t\u00e1c \u0111\u1eb7t h\u00e0ng theo c\u00e1c b\u01b0\u1edbc sau<\/p>\n<p style=\"text-align: justify;\">\u2192 B\u01b0\u1edbc 1: Xem th\u00f4ng tin s\u1ea3n ph\u1ea9m.<\/p>\n<p style=\"text-align: justify;\">\u2192 B\u01b0\u1edbc 2: Ch\u1ecdn s\u1ed1 l\u01b0\u1ee3ng s\u1ea3n ph\u1ea9m mu\u1ed1n mua.<\/p>\n<p style=\"text-align: justify;\">\u2192 B\u01b0\u1edbc 3: Ch\u1ecdn th\u00eam v\u00e0o gi\u1ecf.<\/p>\n<p style=\"text-align: justify;\">\u2192 B\u01b0\u1edbc 4: Ch\u1ecdn icon gi\u1ecf h\u00e0ng.<\/p>\n<p style=\"text-align: justify;\">\u2192 B\u01b0\u1edbc 5: Ch\u1ecdn xem gi\u1ecf h\u00e0ng.<\/p>\n<p style=\"text-align: justify;\">\u2192 B\u01b0\u1edbc 6: T\u1ea1i trang gi\u1ecf h\u00e0ng , qu\u00fd kh\u00e1ch c\u00f3 th\u1ec3 \u0111i\u1ec1u ch\u1ec9nh s\u1ed1 l\u01b0\u1ee3ng s\u1ea3n ph\u1ea9m, th\u00eam m\u00e3 coupon, voucher n\u1ebfu c\u00f3 c\u0169ng nh\u01b0 ph\u00ed v\u1eadn chuy\u1ec3n ,\u2026<\/p>\n<p style=\"text-align: justify;\"><strong>II. H\u01af\u1edaNG D\u1eaaN THANH TO\u00c1N<\/strong><\/p>\n<p style=\"text-align: justify;\">Sau khi t\u1edbi trang thanh to\u00e1n, qu\u00fd kh\u00e1ch c\u00f3 th\u1ec3 d\u1ec5 d\u00e0ng thanh to\u00e1n b\u1eb1ng c\u00e1ch \u0111\u0103ng k\u00fd t\u00e0i kho\u1ea3n m\u1edbi \u0111\u1ec3 \u0111\u1ea3m b\u1ea3o c\u00e1c quy\u1ec1n l\u1ee3i t\u1ed1i \u01b0u nh\u1ea5t d\u00e0nh cho qu\u00fd kh\u00e1ch theo c\u00e1c thao t\u00e1c sau.<\/p>\n<p style=\"text-align: justify;\"><em>A. H\u01b0\u1edbng d\u1eabn thanh to\u00e1n b\u1eb1ng c\u00e1ch \u0111\u0103ng k\u00fd t\u00e0i kho\u1ea3n<\/em><\/p>\n<p style=\"text-align: justify;\">\u2192 B\u01b0\u1edbc 1: Qu\u00fd kh\u00e1ch vui l\u00f2ng nh\u1ea5n v\u00e0o th\u1ebb \u201c\u0110\u0103ng k\u00fd t\u00e0i kho\u1ea3n\u201d.<\/p>\n<p style=\"text-align: justify;\">\u2192 B\u01b0\u1edbc 2: \u0110i\u1ec1n th\u00f4ng tin \u0111\u0103ng k\u00fd t\u00e0i kho\u1ea3n.<\/p>\n<p style=\"text-align: justify;\">\u2192 B\u01b0\u1edbc 3: Ch\u1ecdn ph\u01b0\u01a1ng th\u1ee9c v\u1eadn chuy\u1ec3n ph\u00f9 h\u1ee3p.<\/p>\n<p style=\"text-align: justify;\">\u2192 B\u01b0\u1edbc 4: Ch\u1ecdn ph\u01b0\u01a1ng th\u1ee9c thanh to\u00e1n.<\/p>\n<p style=\"text-align: justify;\">\u2192 B\u01b0\u1edbc 5: Xem l\u1ea1i th\u00f4ng tin gi\u1ecf h\u00e0ng.<\/p>\n<p style=\"text-align: justify;\">\u2192 B\u01b0\u1edbc 6: \u0110\u1ed3ng \u00fd v\u1edbi c\u00e1c \u0111i\u1ec1u kho\u1ea3n.<\/p>\n<p style=\"text-align: justify;\">\u2192 B\u01b0\u1edbc 7: Nh\u1ea5n \u201cX\u00e1c nh\u1eadn \u0111\u01a1n h\u00e0ng\u201d.<\/p>\n<p style=\"text-align: justify;\"><em>B. H\u01b0\u1edbng d\u1eabn thanh to\u00e1n b\u1eb1ng kh\u00e1ch thanh to\u00e1n<\/em><\/p>\n<p style=\"text-align: justify;\">T\u1ea1i trang thanh to\u00e1n khi qu\u00fd kh\u00e1ch mu\u1ed1n th\u1ef1c hi\u1ec7n thanh to\u00e1n m\u00e0 kh\u00f4ng c\u1ea7n \u0111\u0103ng k\u00fd t\u00e0i kho\u1ea3n m\u1edbi, qu\u00fd kh\u00e1ch c\u00f3 th\u1ec3 thanh to\u00e1n d\u01b0\u1edbi t\u00e0i kho\u1ea3n \u201cKh\u00e1ch thanh to\u00e1n\u201d b\u1eb1ng nh\u1eefng thao t\u00e1c d\u01b0\u1edbi \u0111\u00e2y.<\/p>\n<p style=\"text-align: justify;\">\u2192 B\u01b0\u1edbc 1: Qu\u00fd kh\u00e1ch vui l\u00f2ng nh\u1ea5n v\u00e0o th\u1ebb \u201cKh\u00e1ch thanh to\u00e1n\u201d.<\/p>\n<p style=\"text-align: justify;\">\u2192 B\u01b0\u1edbc 2: \u0110i\u1ec1n th\u00f4ng tin t\u00e0i kho\u1ea3n.<\/p>\n<p style=\"text-align: justify;\">\u2192 B\u01b0\u1edbc 3: Ch\u1ecdn ph\u01b0\u01a1ng th\u1ee9c v\u1eadn chuy\u1ec3n ph\u00f9 h\u1ee3p.<\/p>\n<p style=\"text-align: justify;\">\u2192 B\u01b0\u1edbc 4: Ch\u1ecdn ph\u01b0\u01a1ng th\u1ee9c thanh to\u00e1n.<\/p>\n<p style=\"text-align: justify;\">\u2192 B\u01b0\u1edbc 5: Xem l\u1ea1i th\u00f4ng tin gi\u1ecf h\u00e0ng.<\/p>\n<p style=\"text-align: justify;\">\u2192 B\u01b0\u1edbc 6: \u0110\u1ed3ng \u00fd v\u1edbi c\u00e1c \u0111i\u1ec1u kho\u1ea3n v\u00e0 Nh\u1ea5n \u201cX\u00e1c nh\u1eadn \u0111\u01a1n h\u00e0ng\u201d.<\/p>\n<p style=\"text-align: justify;\"><em>C. H\u01b0\u1edbng d\u1eabn thanh to\u00e1n b\u1eb1ng c\u00e1ch \u0111\u0103ng nh\u1eadp<\/em><\/p>\n<p style=\"text-align: justify;\">Khi qu\u00fd kh\u00e1ch \u0111\u00e3 c\u00f3 t\u00e0i kho\u1ea3n t\u1ea1i trang web c\u1ee7a ch\u00fang t\u00f4i, t\u1ea1i trang thanh to\u00e1n qu\u00fd kh\u00e1ch c\u00f3 th\u1ec3 d\u1ec5 d\u00e0ng thanh to\u00e1n theo c\u00e1c b\u01b0\u1edbc sau:<\/p>\n<p style=\"text-align: justify;\">\u2192 B\u01b0\u1edbc 1: Qu\u00fd kh\u00e1ch vui l\u00f2ng nh\u1ea5n v\u00e0o th\u1ebb \u201c \u0110\u0103ng nh\u1eadp\u201d.<\/p>\n<p style=\"text-align: justify;\">\u2192 B\u01b0\u1edbc 2: \u0110i\u1ec1n th\u00f4ng tin \u0111\u0103ng nh\u1eadp v\u00e0 nh\u1ea5n \u201c\u0110\u0103ng nh\u1eadp\u201d.<\/p>\n<p style=\"text-align: justify;\">\u2192 B\u01b0\u1edbc 3: Ch\u1ecdn \u0111\u1ecba ch\u1ec9 qu\u00fd kh\u00e1ch mong mu\u1ed1n thanh to\u00e1n v\u00e0 giao h\u00e0ng.<\/p>\n<p style=\"text-align: justify;\">\u2192 B\u01b0\u1edbc 4: Ch\u1ecdn ph\u01b0\u01a1ng th\u1ee9c thanh to\u00e1n.<\/p>\n<p style=\"text-align: justify;\">\u2192 B\u01b0\u1edbc 5: Xem l\u1ea1i th\u00f4ng tin gi\u1ecf h\u00e0ng.<\/p>\n<p style=\"text-align: justify;\">\u2192 B\u01b0\u1edbc 6: \u0110\u1ed3ng \u00fd v\u1edbi c\u00e1c \u0111i\u1ec1u kho\u1ea3n v\u00e0 Nh\u1ea5n \u201cX\u00e1c nh\u1eadn \u0111\u01a1n h\u00e0ng\u201d.<\/p>\n<p style=\"text-align: justify;\"><strong>III. PH\u01af\u01a0NG TH\u1ee8C THANH TO\u00c1N<\/strong><\/p>\n<p style=\"text-align: justify;\"><em>A. Thanh to\u00e1n tr\u1ef1c tuy\u1ebfn an to\u00e0n B\u1ea3o Kim<\/em><\/p>\n<p style=\"text-align: justify;\">Sau khi ch\u1ecdn ph\u01b0\u01a1ng th\u1ee9c thanh to\u00e1n tr\u1ef1c tuy\u1ebfn b\u1ea3o kim, qu\u00fd kh\u00e1ch c\u00f3 th\u1ec3 l\u00e0m theo c\u00e1c b\u01b0\u1edbc sau \u0111\u1ec3 ti\u1ebfp t\u1ee5c thanh to\u00e1n.<\/p>\n<p style=\"text-align: justify;\">1.Thanh to\u00e1n s\u1eed d\u1ee5ng t\u00e0i kho\u1ea3n b\u1ea3o kim<\/p>\n<p style=\"text-align: justify;\">\u2192 B\u01b0\u1edbc 1: \u0110\u0103ng nh\u1eadp t\u00e0i kho\u1ea3n B\u1ea3o Kim<\/p>\n<p style=\"text-align: justify;\">\u2192 B\u01b0\u1edbc 2: Nh\u1eadp m\u00e3 x\u00e1c minh v\u00e0 thanh to\u00e1n<\/p>\n<p style=\"text-align: justify;\">\u2192 B\u01b0\u1edbc 3: Nh\u1eadp m\u00e3 x\u00e1c minh giao d\u1ecbch<\/p>\n<p style=\"text-align: justify;\">\u2192 B\u01b0\u1edbc 4: Thanh to\u00e1n giao d\u1ecbch th\u00e0nh c\u00f4ng<\/p>\n<p style=\"text-align: justify;\">2. Thanh to\u00e1n th\u1ebb visa\/mastercard<\/p>\n<p style=\"text-align: justify;\">\u2192 B\u01b0\u1edbc 1: Ch\u1ecdn thanh to\u00e1n b\u1eb1ng th\u1ebb visa\/ master card<\/p>\n<p style=\"text-align: justify;\">\u2192 B\u01b0\u1edbc 2: Ch\u1ecdn Th\u1ebb t\u00edn d\u1ee5ng qu\u1ed1c t\u1ebf<\/p>\n<p style=\"text-align: justify;\">\u2192 B\u01b0\u1edbc 3: Ch\u1ecdn th\u1ebb \u0111\u1ec3 thanh to\u00e1n, \u0111i\u1ec1n s\u1ed1 th\u1ebb v\u00e0 ng\u00e0y h\u1ebft h\u1ea1n sau \u0111\u00f3 nh\u1ea5n Thanh to\u00e1n \u0111\u1ec3 thanh to\u00e1n<\/p>\n<p style=\"text-align: justify;\">3. Thanh to\u00e1n th\u00f4ng qua ng\u00e2n h\u00e0ng trong n\u01b0\u1edbc<\/p>\n<p style=\"text-align: justify;\">\u2192 B\u01b0\u1edbc 1: Ch\u1ecdn thanh to\u00e1n b\u1eb1ng t\u00e0i kho\u1ea3n Ng\u00e2n h\u00e0ng<\/p>\n<p style=\"text-align: justify;\">\u2192 B\u01b0\u1edbc 2: Ch\u1ecdn ng\u00e2n h\u00e0ng thanh to\u00e1n<\/p>\n<p style=\"text-align: justify;\">\u2192 B\u01b0\u1edbc 3: Ch\u1ecdn h\u00ecnh th\u1ee9c thanh to\u00e1n qua Ng\u00e2n h\u00e0ng: clich ch\u1ecdn v\u00e0o ph\u01b0\u01a1ng th\u1ee9c mong mu\u1ed1n v\u00e0 l\u00e0m theo h\u01b0\u1edbng d\u1eabn.<\/p>\n<p style=\"text-align: justify;\">V\u00ed d\u1ee5: ch\u1ecdn chuy\u1ec3n kho\u1ea3n ti\u1ec1n m\u1eb7t<\/p>\n<p style=\"text-align: justify;\"><em>B. Thanh to\u00e1n tr\u1ef1c tuy\u1ebfn an to\u00e0n B\u1ea3o Kim<\/em><\/p>\n<p style=\"text-align: justify;\">B\u01b0\u1edbc 1: Ch\u1ecdn h\u00ecnh th\u1ee9c thanh to\u00e1n an to\u00e0n B\u1ea3o kim Paypal.<\/p>\n<p style=\"text-align: justify;\">B\u01b0\u1edbc 2: Ch\u1ecdn ng\u00e2n h\u00e0ng m\u00e0 qu\u00fd kh\u00e1ch mu\u1ed1n d\u00f9ng \u0111\u1ec3 thanh to\u00e1n.<\/p>\n<p style=\"text-align: justify;\">B\u01b0\u1edbc 3: \u0110\u1ed3ng \u00fd \u0111i\u1ec1u kho\u1ea3n v\u00e0 nh\u1ea5n x\u00e1c nh\u1eadn \u0111\u01a1n h\u00e0ng.<\/p>\n<p style=\"text-align: justify;\"><em>C. Chuy\u1ec3n kho\u1ea3n ng\u00e2n h\u00e0ng<\/em><\/p>\n<p style=\"text-align: justify;\">Khi nh\u1ea5n ch\u1ecdn ph\u01b0\u01a1ng th\u1ee9c thanh to\u00e1n n\u00e0y, qu\u00fd kh\u00e1ch vui l\u00f2ng xem th\u00f4ng tin t\u00e0i kho\u1ea3n ng\u00e2n h\u00e0ng b\u00ean d\u01b0\u1edbi v\u00e0i th\u1ef1c hi\u1ec7n giao d\u1ecbch t\u1ea1i ng\u00e2n h\u00e0ng. V\u00ed d\u1ee5 v\u1ecb tr\u00ed t\u00e0i kho\u00e0n ng\u00e2n h\u00e0ng.<\/p>\n<p style=\"text-align: justify;\"><em>D. PayPal Express (Bao g\u1ed3m th\u1ebb t\u00edn d\u1ee5ng v\u00e0 th\u1ebb ghi n\u1ee3)<\/em><\/p>\n<p style=\"text-align: justify;\">\u2192 Ch\u1ea5p nh\u1eadn thanh to\u00e1n qua PayPal.<\/p>\n<p style=\"text-align: justify;\">\u2022 Khi ch\u1ecdn PayPal, Qu\u00fd kh\u00e1ch s\u1ebd \u0111\u01b0\u1ee3c \u0111\u01b0a \u0111\u1ebfn m\u1ed9t trang \u0111\u0103ng nh\u1eadp c\u1ee7a PayPal, t\u1ea1i \u0111\u00e2y Qu\u00fd kh\u00e1ch \u0111i\u1ec1n \u0111\u1ecba ch\u1ec9 email v\u00e0 m\u1eadt kh\u1ea9u \u0111\u1ec3 \u0111\u0103ng nh\u1eadp t\u00e0i kho\u1ea3n Paypal c\u1ee7a Qu\u00fd kh\u00e1ch.<\/p>\n<p style=\"text-align: justify;\">\u2022 Sau khi \u0111\u0103ng nh\u1eadp, t\u1ea1i trang ti\u1ebfp theo Qu\u00fd kh\u00e1ch s\u1ebd th\u1ea5y r\u00f5: gi\u00e1, s\u1ed1 l\u01b0\u1ee3ng v\u00e0 t\u1ed5ng c\u1ed9ng s\u1ed1 ti\u1ec1n d\u1ecbch v\u1ee5 m\u00e0 Qu\u00fd kh\u00e1ch s\u1eafp thanh to\u00e1n, h\u00e3y xem k\u0129 tr\u01b0\u1edbc khi ch\u1ea5p nh\u1eadn thanh to\u00e1n.<\/p>\n<p style=\"text-align: justify;\">\u2022 Th\u1ef1c hi\u1ec7n giao d\u1ecbch thanh to\u00e1n ho\u00e0n to\u00e0n tr\u1ef1c tuy\u1ebfn, \u0111\u01a1n gi\u1ea3n thu\u1eadn ti\u1ec7n cho kh\u00e1ch h\u00e0ng.<\/p>\n<p style=\"text-align: justify;\">\u2022 An to\u00e0n b\u1ea3o m\u1eadt cho kh\u00e1ch h\u00e0ng trong thanh to\u00e1n.<\/p>\n<p style=\"text-align: justify;\">\u2192 \u0110\u1ec3 \u0111\u1ea3m b\u1ea3o quy\u1ec1n l\u1ee3i kh\u00e1ch h\u00e0ng, kh\u00e1ch h\u00e0ng c\u1ea7n l\u01b0u \u00fd.<\/p>\n<p style=\"text-align: justify;\">\u2022 T\u00ean mi\u1ec1n l\u00e0 lo\u1ea1i t\u00e0i nguy\u00ean \u0111\u1eb7c bi\u1ec7t v\u00ec v\u1eady sau khi t\u00ean mi\u1ec1n \u0111\u0103ng k\u00fd th\u00e0nh c\u00f4ng s\u1ebd kh\u00f4ng ho\u00e0n ph\u00ed.<\/p>\n<p style=\"text-align: justify;\">\u2022 Th\u1eddi h\u1ea1n \u0111\u1ec3 Qu\u00fd kh\u00e1ch th\u1ef1c hi\u1ec7n khi\u1ebfu n\u1ea1i l\u00e0 45 ng\u00e0y k\u1ec3 t\u1eeb ng\u00e0y giao d\u1ecbch.<\/p>\n<p style=\"text-align: justify;\">\u2022 C\u00e1c th\u00f4ng tin thanh to\u00e1n c\u1ee7a Qu\u00fd kh\u00e1ch s\u1ebd \u0111\u01b0\u1ee3c b\u1ea3o m\u1eadt v\u00e0 \u0111\u01b0\u1ee3c x\u00e1c nh\u1eadn v\u1edbi PayPal.<\/p>\n<p style=\"text-align: justify;\">\u2022 Di\u0323ch vu\u0323 chi\u0309 \u0111\u01b0\u01a1\u0323c \u0111\u0103ng ky\u0301\/gia ha\u0323n khi nh\u00e2\u0323n \u0111\u01b0\u01a1\u0323c thanh toa\u0301n va\u0300 th\u00f4ng tin chi\u0301nh xa\u0301c \u0111\u00e2\u0300y \u0111u\u0309.<\/p>\n<p style=\"text-align: justify;\"><em>E. Thanh to\u00e1n tr\u1ef1c tuy\u1ebfn an to\u00e0n v\u1edbi v\u00ed NganLuong.vn<\/em><\/p>\n<p style=\"text-align: justify;\">Khi ch\u1ecdn h\u00ecnh th\u1ee9c thanh to\u00e1n n\u00e0y qu\u00fd kh\u00e1ch vui l\u00f2ng nh\u1ea5n v\u00e0o link \u0111\u01b0\u1ee3c khoanh \u0111\u1ecf trong h\u00ecnh \u0111\u1ec3 thao t\u00e1c \u0111\u01b0\u1ee3c thu\u1eadn ti\u1ec7n h\u01a1n.<\/p>\n","protected":false},"excerpt":{"rendered":"<p>I. H\u01af\u1edaNG D\u1eaaN \u0110\u1eb6T H\u00c0NG Qu\u00fd kh\u00e1ch c\u00f3 th\u1ec3 thao t\u00e1c \u0111\u1eb7t h\u00e0ng theo c\u00e1c b\u01b0\u1edbc sau \u2192 B\u01b0\u1edbc 1: Xem th\u00f4ng tin s\u1ea3n ph\u1ea9m. \u2192 B\u01b0\u1edbc 2: Ch\u1ecdn s\u1ed1 l\u01b0\u1ee3ng s\u1ea3n ph\u1ea9m mu\u1ed1n mua. \u2192 B\u01b0\u1edbc 3: Ch\u1ecdn th\u00eam v\u00e0o gi\u1ecf. \u2192 B\u01b0\u1edbc 4: Ch\u1ecdn icon gi\u1ecf h\u00e0ng. \u2192 B\u01b0\u1edbc 5: Ch\u1ecdn xem gi\u1ecf<\/p>\n","protected":false},"author":1,"featured_media":0,"parent":0,"menu_order":0,"comment_status":"closed","ping_status":"closed","template":"","meta":{"footnotes":""},"class_list":["post-7626","page","type-page","status-publish","hentry"],"_links":{"self":[{"href":"https:\/\/phubaispinning.com\/en\/wp-json\/wp\/v2\/pages\/7626","targetHints":{"allow":["GET"]}}],"collection":[{"href":"https:\/\/phubaispinning.com\/en\/wp-json\/wp\/v2\/pages"}],"about":[{"href":"https:\/\/phubaispinning.com\/en\/wp-json\/wp\/v2\/types\/page"}],"author":[{"embeddable":true,"href":"https:\/\/phubaispinning.com\/en\/wp-json\/wp\/v2\/users\/1"}],"replies":[{"embeddable":true,"href":"https:\/\/phubaispinning.com\/en\/wp-json\/wp\/v2\/comments?post=7626"}],"version-history":[{"count":1,"href":"https:\/\/phubaispinning.com\/en\/wp-json\/wp\/v2\/pages\/7626\/revisions"}],"predecessor-version":[{"id":7659,"href":"https:\/\/phubaispinning.com\/en\/wp-json\/wp\/v2\/pages\/7626\/revisions\/7659"}],"wp:attachment":[{"href":"https:\/\/phubaispinning.com\/en\/wp-json\/wp\/v2\/media?parent=7626"}],"curies":[{"name":"wp","href":"https:\/\/api.w.org\/{rel}","templated":true}]}}